{"id":119,"date":"2023-01-28T15:09:57","date_gmt":"2023-01-28T15:09:57","guid":{"rendered":"https:\/\/markakuyumculuk.com\/?post_type=product&#038;p=119"},"modified":"2026-04-17T01:46:33","modified_gmt":"2026-04-17T01:46:33","slug":"eski-tarihli-ceyrek-altin","status":"publish","type":"product","link":"https:\/\/markakuyumculuk.com\/?product=eski-tarihli-ceyrek-altin","title":{"rendered":"Eski Tarihli \u00c7eyrek Alt\u0131n"},"content":{"rendered":"<p>1 Eski Tarihli \u00c7eyrek Alt\u0131n<\/p>\n<ul class=\"detail-desc-list two-columns\">\n<li>Metal Ayar: 22 K<\/li>\n<li>\u00dcr\u00fcn Kategorisi Sarrafiye<\/li>\n<li>\u00dcr\u00fcn A\u011f\u0131rl\u0131\u011f\u0131 1,75 Gr\/Ad (Kulplu:1,81 Gr\/Ad )<\/li>\n<li>T.C Ba\u015fbakanl\u0131k Hazine M\u00fcste\u015farl\u0131\u011f\u0131 Darphane Ve Damga Matbaas\u0131 Genel M\u00fcd\u00fcrl\u00fc\u011f\u00fc Taraf\u0131ndan Bas\u0131lm\u0131\u015ft\u0131r.<\/li>\n<li>Maden : Alt\u0131n<\/li>\n<li>Paket Say\u0131s\u0131 :1 Adet<\/li>\n<li>Tarih : Eski Tarihli<\/li>\n<\/ul>\n","protected":false},"excerpt":{"rendered":"<p>1 Adet Yeni Tarih \u00c7eyrek Alt\u0131n<\/p>\n","protected":false},"featured_media":118,"comment_status":"open","ping_status":"closed","template":"","meta":{"om_disable_all_campaigns":false,"_monsterinsights_skip_tracking":false,"_monsterinsights_sitenote_active":false,"_monsterinsights_sitenote_note":"","_monsterinsights_sitenote_category":0,"_kad_post_transparent":"default","_kad_post_title":"","_kad_post_layout":"default","_kad_post_sidebar_id":"","_kad_post_content_style":"default","_kad_post_vertical_padding":"default","_kad_post_feature":"","_kad_post_feature_position":"","_kad_post_header":false,"_kad_post_footer":false},"product_cat":[22],"product_tag":[24,30,26,28,25,27,29],"class_list":{"0":"post-119","1":"product","2":"type-product","3":"status-publish","4":"has-post-thumbnail","6":"product_cat-altin","7":"product_tag-altin","8":"product_tag-ata","9":"product_tag-ceyrek","10":"product_tag-ceyrek-altin","11":"product_tag-gram","12":"product_tag-yarim","13":"product_tag-yarim-altin","15":"first","16":"instock","17":"taxable","18":"shipping-taxable","19":"purchasable","20":"product-type-simple","21":"entry","22":"content-bg","23":"loop-entry"},"aioseo_notices":[],"_links":{"self":[{"href":"https:\/\/markakuyumculuk.com\/index.php?rest_route=\/wp\/v2\/product\/119","targetHints":{"allow":["GET"]}}],"collection":[{"href":"https:\/\/markakuyumculuk.com\/index.php?rest_route=\/wp\/v2\/product"}],"about":[{"href":"https:\/\/markakuyumculuk.com\/index.php?rest_route=\/wp\/v2\/types\/product"}],"replies":[{"embeddable":true,"href":"https:\/\/markakuyumculuk.com\/index.php?rest_route=%2Fwp%2Fv2%2Fcomments&post=119"}],"wp:featuredmedia":[{"embeddable":true,"href":"https:\/\/markakuyumculuk.com\/index.php?rest_route=\/wp\/v2\/media\/118"}],"wp:attachment":[{"href":"https:\/\/markakuyumculuk.com\/index.php?rest_route=%2Fwp%2Fv2%2Fmedia&parent=119"}],"wp:term":[{"taxonomy":"product_cat","embeddable":true,"href":"https:\/\/markakuyumculuk.com\/index.php?rest_route=%2Fwp%2Fv2%2Fproduct_cat&post=119"},{"taxonomy":"product_tag","embeddable":true,"href":"https:\/\/markakuyumculuk.com\/index.php?rest_route=%2Fwp%2Fv2%2Fproduct_tag&post=119"}],"curies":[{"name":"wp","href":"https:\/\/api.w.org\/{rel}","templated":true}]}}